{"id":162,"date":"2025-01-08T14:48:31","date_gmt":"2025-01-08T14:48:31","guid":{"rendered":"https:\/\/garagetjrauto.com\/services\/"},"modified":"2025-02-12T04:18:06","modified_gmt":"2025-02-12T04:18:06","slug":"auto-repair-services-in-montreal","status":"publish","type":"page","link":"https:\/\/garagetjrauto.com\/fr\/services-de-reparation-automobile-a-montreal\/","title":{"rendered":"Services"},"content":{"rendered":"<div data-elementor-type=\"wp-page\" data-elementor-id=\"162\" class=\"elementor elementor-162\">\n\t\t\t\t<div class=\"elementor-element elementor-element-rlzt0b9m twbb_section e-flex e-con-boxed e-con e-parent\" data-id=\"rlzt0b9m\" data-element_type=\"container\" data-e-type=\"container\" id=\"our-services\">\n\t\t\t\t\t<div class=\"e-con-inner\">\n\t\t<div class=\"elementor-element elementor-element-5r5osch0 e-con-full e-flex e-con e-child\" data-id=\"5r5osch0\" data-element_type=\"container\" data-e-type=\"container\">\n\t\t\t\t<div class=\"elementor-element elementor-element-jlysn2xu elementor-widget__width-initial elementor-widget-mobile__width-inherit elementor-widget-tablet__width-initial elementor-invisible elementor-widget elementor-widget-heading\" data-id=\"jlysn2xu\" data-element_type=\"widget\" data-e-type=\"widget\" data-settings=\"{&quot;_animation&quot;:&quot;fadeInUp&quot;}\" data-widget_type=\"heading.default\">\n\t\t\t\t<div class=\"elementor-widget-container\">\n\t\t\t\t\t<h2 class=\"elementor-heading-title elementor-size-default\">D\u00e9couvrez nos services experts de r\u00e9paration automobile<\/h2>\t\t\t\t<\/div>\n\t\t\t\t<\/div>\n\t\t\t\t<div class=\"elementor-element elementor-element-8z1m121e elementor-widget__width-initial elementor-widget-mobile__width-inherit elementor-widget-tablet__width-initial elementor-invisible elementor-widget elementor-widget-text-editor\" data-id=\"8z1m121e\" data-element_type=\"widget\" data-e-type=\"widget\" data-settings=\"{&quot;_animation&quot;:&quot;fadeInUp&quot;}\" data-widget_type=\"text-editor.default\">\n\t\t\t\t<div class=\"elementor-widget-container\">\n\t\t\t\t\t\t\t\t\tAu Garage TJR Auto, nous proposons une gamme compl\u00e8te de services adapt\u00e9s aux besoins des v\u00e9hicules asiatiques, europ\u00e9ens et \u00e9lectriques. Nos techniciens qualifi\u00e9s sont \u00e9quip\u00e9s pour s'occuper de tout, de l'entretien de routine aux r\u00e9parations complexes, afin que votre v\u00e9hicule fonctionne au mieux de ses performances. Faites confiance \u00e0 nos 20 ans d'exp\u00e9rience et \u00e0 notre engagement pour un service de qualit\u00e9.\t\t\t\t\t\t\t\t<\/div>\n\t\t\t\t<\/div>\n\t\t\t\t<\/div>\n\t\t<div class=\"elementor-element elementor-element-6g0ujt21 e-con-full e-flex e-con e-child\" data-id=\"6g0ujt21\" data-element_type=\"container\" data-e-type=\"container\">\n\t\t\t\t<div class=\"elementor-element elementor-element-gb6mxjmq elementor-widget__width-initial elementor-widget-mobile__width-inherit elementor-widget-tablet__width-initial twbb_cta-button-wrapper-left twbb_cta-valign-align-space_between twbb_cta-position-image-top twbb_cta-tablet-position-image-top twbb_cta-mobile-position-image-top twbb_cta-button-wrapper-left twbb_cta-button-wrapper-center twbb_cta-position-button-bottom twbb_cta-tablet-position-button-bottom twbb_cta-mobile-position-button-bottom elementor-invisible elementor-widget elementor-widget-twbb_call-to-action\" data-id=\"gb6mxjmq\" data-element_type=\"widget\" data-e-type=\"widget\" data-settings=\"{&quot;_animation&quot;:&quot;fadeInUp&quot;}\" data-widget_type=\"twbb_call-to-action.default\">\n\t\t\t\t<div class=\"elementor-widget-container\">\n\t\t\t\t\t    <div  class=\"twbb_cta-wrapper\">\n                  <div class=\"twbb_cta-image-background-wrapper\">\n          <span class=\"twbb_cta-image-background-overlay\"><\/span>\n                            <div class=\"twbb_cta-image-html-tag\">\n                                            <img decoding=\"async\" src=\"https:\/\/garagetjrauto.com\/wp-content\/uploads\/2025\/01\/1-2.png\" alt=\"european car experts repair shop in montreal 2\" title=\"\">\n                                    <\/div>\n                    <\/div>\n        <div class=\"twbb_cta-content-wrapper\">\n    <div class=\"twbb_cta-content-inner\">\n                <h5 class=\"twbb_cta-title\">R\u00e9paration de voitures europ\u00e9ennes par des experts<\/h5>\n                    <div class=\"twbb_cta-description\">Notre \u00e9quipe est sp\u00e9cialis\u00e9e dans les r\u00e9parations de voitures europ\u00e9ennes, ce qui garantit que votre v\u00e9hicule re\u00e7oit les meilleurs soins. Nous utilisons des outils de diagnostic avanc\u00e9s pour identifier et r\u00e9soudre efficacement les probl\u00e8mes.<\/div>\n              <\/div>\n    <div class=\"twbb_cta-button-wrapper\">\n        <div class=\"twbb_cta-buttons\">\n                    <div class=\"twbb_cta-button-item twbb_cta-button-item__two twbb_cta-button-enable-yes\">\n          <a href=\"https:\/\/garagetjrauto.com\/fr\/garage-dexperts-automobiles-europeens-a-montreal\/\" class=\"elementor-button twbb_cta-button elementor-size- twbb_cta-button__two\"            >En savoir plus            <\/a>\n        <\/div>\n                  <\/div>\n    <\/div>\n  <\/div>\n        <\/div>\n\t\t\t\t<\/div>\n\t\t\t\t<\/div>\n\t\t\t\t<div class=\"elementor-element elementor-element-kxv9x5wk elementor-widget__width-initial elementor-widget-mobile__width-inherit elementor-widget-tablet__width-initial twbb_cta-button-wrapper-left twbb_cta-valign-align-space_between twbb_cta-position-image-top twbb_cta-tablet-position-image-top twbb_cta-mobile-position-image-top twbb_cta-button-wrapper-left twbb_cta-button-wrapper-center twbb_cta-position-button-bottom twbb_cta-tablet-position-button-bottom twbb_cta-mobile-position-button-bottom elementor-invisible elementor-widget elementor-widget-twbb_call-to-action\" data-id=\"kxv9x5wk\" data-element_type=\"widget\" data-e-type=\"widget\" data-settings=\"{&quot;_animation&quot;:&quot;fadeInUp&quot;}\" data-widget_type=\"twbb_call-to-action.default\">\n\t\t\t\t<div class=\"elementor-widget-container\">\n\t\t\t\t\t    <div  class=\"twbb_cta-wrapper\">\n                  <div class=\"twbb_cta-image-background-wrapper\">\n          <span class=\"twbb_cta-image-background-overlay\"><\/span>\n                            <div class=\"twbb_cta-image-html-tag\">\n                                            <img decoding=\"async\" src=\"https:\/\/garagetjrauto.com\/wp-content\/uploads\/2025\/01\/8.png\" alt=\"atelier de r\u00e9paration de v\u00e9hicules \u00e9lectriques \u00e0 montr\u00e9al\" title=\"\">\n                                    <\/div>\n                    <\/div>\n        <div class=\"twbb_cta-content-wrapper\">\n    <div class=\"twbb_cta-content-inner\">\n                <h5 class=\"twbb_cta-title\">Services avanc\u00e9s pour les v\u00e9hicules \u00e9lectriques<\/h5>\n                    <div class=\"twbb_cta-description\">Nous nous tenons au courant des derni\u00e8res technologies en mati\u00e8re de v\u00e9hicules \u00e9lectriques afin de fournir des services de premier ordre. Nos techniciens veillent \u00e0 ce que votre voiture \u00e9lectrique fonctionne parfaitement et efficacement.<\/div>\n              <\/div>\n    <div class=\"twbb_cta-button-wrapper\">\n        <div class=\"twbb_cta-buttons\">\n                    <div class=\"twbb_cta-button-item twbb_cta-button-item__two twbb_cta-button-enable-yes\">\n          <a href=\"https:\/\/garagetjrauto.com\/fr\/electric-vehicle-services\/\" class=\"elementor-button twbb_cta-button elementor-size- twbb_cta-button__two\"            >En savoir plus            <\/a>\n        <\/div>\n                  <\/div>\n    <\/div>\n  <\/div>\n        <\/div>\n\t\t\t\t<\/div>\n\t\t\t\t<\/div>\n\t\t\t\t<div class=\"elementor-element elementor-element-4qlelhrl elementor-widget__width-initial elementor-widget-mobile__width-inherit elementor-widget-tablet__width-initial twbb_cta-button-wrapper-left twbb_cta-valign-align-space_between twbb_cta-position-image-top twbb_cta-tablet-position-image-top twbb_cta-mobile-position-image-top twbb_cta-button-wrapper-left twbb_cta-button-wrapper-center twbb_cta-position-button-bottom twbb_cta-tablet-position-button-bottom twbb_cta-mobile-position-button-bottom elementor-invisible elementor-widget elementor-widget-twbb_call-to-action\" data-id=\"4qlelhrl\" data-element_type=\"widget\" data-e-type=\"widget\" data-settings=\"{&quot;_animation&quot;:&quot;fadeInUp&quot;}\" data-widget_type=\"twbb_call-to-action.default\">\n\t\t\t\t<div class=\"elementor-widget-container\">\n\t\t\t\t\t    <div  class=\"twbb_cta-wrapper\">\n                  <div class=\"twbb_cta-image-background-wrapper\">\n          <span class=\"twbb_cta-image-background-overlay\"><\/span>\n                            <div class=\"twbb_cta-image-html-tag\">\n                                            <img decoding=\"async\" src=\"https:\/\/garagetjrauto.com\/wp-content\/uploads\/2025\/01\/10.png\" alt=\"atelier de r\u00e9paration automobile pour voitures asiatiques \u00e0 montr\u00e9al\" title=\"\">\n                                    <\/div>\n                    <\/div>\n        <div class=\"twbb_cta-content-wrapper\">\n    <div class=\"twbb_cta-content-inner\">\n                <h5 class=\"twbb_cta-title\">Entretien fiable des v\u00e9hicules asiatiques<\/h5>\n                    <div class=\"twbb_cta-description\">Nos services d'entretien pour les v\u00e9hicules asiatiques sont con\u00e7us pour maintenir votre voiture en excellent \u00e9tat. Nous proposons tout, de la vidange d'huile \u00e0 l'inspection des freins.<\/div>\n              <\/div>\n    <div class=\"twbb_cta-button-wrapper\">\n        <div class=\"twbb_cta-buttons\">\n                    <div class=\"twbb_cta-button-item twbb_cta-button-item__two twbb_cta-button-enable-yes\">\n          <a href=\"https:\/\/garagetjrauto.com\/fr\/comprehensive-auto-repair\/\" class=\"elementor-button twbb_cta-button elementor-size- twbb_cta-button__two\"            >En savoir plus            <\/a>\n        <\/div>\n                  <\/div>\n    <\/div>\n  <\/div>\n        <\/div>\n\t\t\t\t<\/div>\n\t\t\t\t<\/div>\n\t\t\t\t<\/div>\n\t\t\t\t\t<\/div>\n\t\t\t\t<\/div>\n\t\t\t\t<\/div>","protected":false},"excerpt":{"rendered":"<p>Explore Our Expert Auto Repair Services At Garage TJR Auto, we offer a comprehensive range of services tailored to meet the needs of Asian, European, and electric vehicles. Our skilled technicians are equipped to handle everything from routine maintenance to complex repairs, ensuring your vehicle operates at peak performance. Trust our 20 years of experience [&hellip;]<\/p>\n","protected":false},"author":2,"featured_media":0,"parent":0,"menu_order":0,"comment_status":"closed","ping_status":"closed","template":"","meta":{"two_page_speed":[],"footnotes":""},"class_list":["post-162","page","type-page","status-publish","hentry"],"_links":{"self":[{"href":"https:\/\/garagetjrauto.com\/fr\/wp-json\/wp\/v2\/pages\/162","targetHints":{"allow":["GET"]}}],"collection":[{"href":"https:\/\/garagetjrauto.com\/fr\/wp-json\/wp\/v2\/pages"}],"about":[{"href":"https:\/\/garagetjrauto.com\/fr\/wp-json\/wp\/v2\/types\/page"}],"author":[{"embeddable":true,"href":"https:\/\/garagetjrauto.com\/fr\/wp-json\/wp\/v2\/users\/2"}],"replies":[{"embeddable":true,"href":"https:\/\/garagetjrauto.com\/fr\/wp-json\/wp\/v2\/comments?post=162"}],"version-history":[{"count":0,"href":"https:\/\/garagetjrauto.com\/fr\/wp-json\/wp\/v2\/pages\/162\/revisions"}],"wp:attachment":[{"href":"https:\/\/garagetjrauto.com\/fr\/wp-json\/wp\/v2\/media?parent=162"}],"curies":[{"name":"wp","href":"https:\/\/api.w.org\/{rel}","templated":true}]}}